{"id":252,"date":"2025-08-08T15:02:17","date_gmt":"2025-08-08T15:02:17","guid":{"rendered":"https:\/\/www.greensensationclub.com\/about\/"},"modified":"2025-09-18T20:39:24","modified_gmt":"2025-09-18T20:39:24","slug":"about","status":"publish","type":"page","link":"https:\/\/www.greensensationclub.com\/en\/about\/","title":{"rendered":"About the Club"},"content":{"rendered":"<div data-elementor-type=\"wp-page\" data-elementor-id=\"252\" class=\"elementor elementor-252\">\n\t\t\t\t<div class=\"elementor-element elementor-element-d0d1fca e-flex e-con-boxed e-con e-parent\" data-id=\"d0d1fca\" data-element_type=\"container\" data-e-type=\"container\" data-settings=\"{&quot;background_background&quot;:&quot;classic&quot;}\">\n\t\t\t\t\t<div class=\"e-con-inner\">\n\t\t<div class=\"elementor-element elementor-element-dd2a58a e-con-full e-flex e-con e-child\" data-id=\"dd2a58a\" data-element_type=\"container\" data-e-type=\"container\">\n\t\t\t\t<div class=\"elementor-element elementor-element-95f7e53 elementor-widget elementor-widget-heading\" data-id=\"95f7e53\" data-element_type=\"widget\" data-e-type=\"widget\" data-widget_type=\"heading.default\">\n\t\t\t\t<div class=\"elementor-widget-container\">\n\t\t\t\t\t<h1 class=\"elementor-heading-title elementor-size-default\">Who are we?<\/h1>\t\t\t\t<\/div>\n\t\t\t\t<\/div>\n\t\t\t\t<\/div>\n\t\t\t\t\t<\/div>\n\t\t\t\t<\/div>\n\t\t<div class=\"elementor-element elementor-element-52a2884 e-flex e-con-boxed e-con e-parent\" data-id=\"52a2884\" data-element_type=\"container\" data-e-type=\"container\" data-settings=\"{&quot;background_background&quot;:&quot;classic&quot;}\">\n\t\t\t\t\t<div class=\"e-con-inner\">\n\t\t<div class=\"elementor-element elementor-element-a2d8272 e-con-full e-flex e-con e-child\" data-id=\"a2d8272\" data-element_type=\"container\" data-e-type=\"container\">\n\t\t\t\t<div class=\"elementor-element elementor-element-8b8ba0f elementor-widget elementor-widget-image\" data-id=\"8b8ba0f\" data-element_type=\"widget\" data-e-type=\"widget\" data-widget_type=\"image.default\">\n\t\t\t\t<div class=\"elementor-widget-container\">\n\t\t\t\t\t\t\t\t\t\t\t\t\t\t\t<img fetchpriority=\"high\" decoding=\"async\" width=\"1024\" height=\"768\" src=\"https:\/\/www.greensensationclub.com\/wp-content\/uploads\/2025\/08\/2025-07-12-3-1024x768.webp\" class=\"attachment-large size-large wp-image-1968\" alt=\"2025 07 12 (3)\" srcset=\"https:\/\/www.greensensationclub.com\/wp-content\/uploads\/2025\/08\/2025-07-12-3-1024x768.webp 1024w, https:\/\/www.greensensationclub.com\/wp-content\/uploads\/2025\/08\/2025-07-12-3-300x225.webp 300w, https:\/\/www.greensensationclub.com\/wp-content\/uploads\/2025\/08\/2025-07-12-3-768x576.webp 768w, https:\/\/www.greensensationclub.com\/wp-content\/uploads\/2025\/08\/2025-07-12-3.webp 1360w\" sizes=\"(max-width: 1024px) 100vw, 1024px\" title=\"About the Club\">\t\t\t\t\t\t\t\t\t\t\t\t\t\t\t<\/div>\n\t\t\t\t<\/div>\n\t\t\t\t<\/div>\n\t\t<div class=\"elementor-element elementor-element-c75e9dd e-con-full e-flex e-con e-child\" data-id=\"c75e9dd\" data-element_type=\"container\" data-e-type=\"container\">\n\t\t\t\t<div class=\"elementor-element elementor-element-b9efede elementor-widget elementor-widget-heading\" data-id=\"b9efede\" data-element_type=\"widget\" data-e-type=\"widget\" data-widget_type=\"heading.default\">\n\t\t\t\t<div class=\"elementor-widget-container\">\n\t\t\t\t\t<h2 class=\"elementor-heading-title elementor-size-default\">Our club<\/h2>\t\t\t\t<\/div>\n\t\t\t\t<\/div>\n\t\t\t\t<div class=\"elementor-element elementor-element-19c1dac elementor-widget elementor-widget-text-editor\" data-id=\"19c1dac\" data-element_type=\"widget\" data-e-type=\"widget\" data-widget_type=\"text-editor.default\">\n\t\t\t\t<div class=\"elementor-widget-container\">\n\t\t\t\t\t\t\t\t\t<p>In <strong data-start=\"177\" data-end=\"196\">Green Sensation<\/strong> we transform the <em data-start=\"214\" data-end=\"221\">green<\/em> in an experience that is felt.<br data-start=\"255\" data-end=\"258\" \/>We are a <strong data-start=\"267\" data-end=\"294\">cannabis social club<\/strong> in Alicante where relaxation, privacy and a good atmosphere combine to create unique moments.<br data-start=\"400\" data-end=\"403\" data-is-only-node=\"\" \/>More than a place, we are <strong data-start=\"427\" data-end=\"444\">a feeling<\/strong>: a space designed to make you feel at home, enjoy quality products and share with like-minded people.<\/p>\t\t\t\t\t\t\t\t<\/div>\n\t\t\t\t<\/div>\n\t\t\t\t<\/div>\n\t\t\t\t\t<\/div>\n\t\t\t\t<\/div>\n\t\t<div class=\"elementor-element elementor-element-7fcf9d4 e-flex e-con-boxed e-con e-parent\" data-id=\"7fcf9d4\" data-element_type=\"container\" data-e-type=\"container\">\n\t\t\t\t\t<div class=\"e-con-inner\">\n\t\t\t\t<div class=\"elementor-element elementor-element-e2868af elementor-widget elementor-widget-image-gallery\" data-id=\"e2868af\" data-element_type=\"widget\" data-e-type=\"widget\" data-widget_type=\"image-gallery.default\">\n\t\t\t\t<div class=\"elementor-widget-container\">\n\t\t\t\t\t\t\t<div class=\"elementor-image-gallery\">\n\t\t\t<div id='gallery-1' class='gallery galleryid-252 gallery-columns-4 gallery-size-medium'><figure class='gallery-item'>\n\t\t\t<div class='gallery-icon portrait'>\n\t\t\t\t<a data-elementor-open-lightbox=\"yes\" data-elementor-lightbox-slideshow=\"e2868af\" data-elementor-lightbox-title=\"unnamed (5)\" data-e-action-hash=\"#elementor-action%3Aaction%3Dlightbox%26settings%3DeyJpZCI6MjAxMiwidXJsIjoiaHR0cHM6XC9cL3d3dy5ncmVlbnNlbnNhdGlvbmNsdWIuY29tXC93cC1jb250ZW50XC91cGxvYWRzXC8yMDI1XC8wOFwvdW5uYW1lZC01LndlYnAiLCJzbGlkZXNob3ciOiJlMjg2OGFmIn0%3D\" href='https:\/\/www.greensensationclub.com\/wp-content\/uploads\/2025\/08\/unnamed-5.webp'><img decoding=\"async\" width=\"229\" height=\"300\" src=\"https:\/\/www.greensensationclub.com\/wp-content\/uploads\/2025\/08\/unnamed-5-229x300.webp\" class=\"attachment-medium size-medium\" alt=\"unnamed (5)\" srcset=\"https:\/\/www.greensensationclub.com\/wp-content\/uploads\/2025\/08\/unnamed-5-229x300.webp 229w, https:\/\/www.greensensationclub.com\/wp-content\/uploads\/2025\/08\/unnamed-5-768x1008.webp 768w, https:\/\/www.greensensationclub.com\/wp-content\/uploads\/2025\/08\/unnamed-5.webp 777w\" sizes=\"(max-width: 229px) 100vw, 229px\" title=\"About the Club\"><\/a>\n\t\t\t<\/div><\/figure><figure class='gallery-item'>\n\t\t\t<div class='gallery-icon landscape'>\n\t\t\t\t<a data-elementor-open-lightbox=\"yes\" data-elementor-lightbox-slideshow=\"e2868af\" data-elementor-lightbox-title=\"unnamed\" data-e-action-hash=\"#elementor-action%3Aaction%3Dlightbox%26settings%3DeyJpZCI6MTk3OCwidXJsIjoiaHR0cHM6XC9cL3d3dy5ncmVlbnNlbnNhdGlvbmNsdWIuY29tXC93cC1jb250ZW50XC91cGxvYWRzXC8yMDI1XC8wOFwvdW5uYW1lZC53ZWJwIiwic2xpZGVzaG93IjoiZTI4NjhhZiJ9\" href='https:\/\/www.greensensationclub.com\/wp-content\/uploads\/2025\/08\/unnamed.webp'><img decoding=\"async\" width=\"300\" height=\"225\" src=\"https:\/\/www.greensensationclub.com\/wp-content\/uploads\/2025\/08\/unnamed-300x225.webp\" class=\"attachment-medium size-medium\" alt=\"unnamed\" srcset=\"https:\/\/www.greensensationclub.com\/wp-content\/uploads\/2025\/08\/unnamed-300x225.webp 300w, https:\/\/www.greensensationclub.com\/wp-content\/uploads\/2025\/08\/unnamed-1024x768.webp 1024w, https:\/\/www.greensensationclub.com\/wp-content\/uploads\/2025\/08\/unnamed-768x576.webp 768w, https:\/\/www.greensensationclub.com\/wp-content\/uploads\/2025\/08\/unnamed.webp 1360w\" sizes=\"(max-width: 300px) 100vw, 300px\" title=\"About the Club\"><\/a>\n\t\t\t<\/div><\/figure><figure class='gallery-item'>\n\t\t\t<div class='gallery-icon landscape'>\n\t\t\t\t<a data-elementor-open-lightbox=\"yes\" data-elementor-lightbox-slideshow=\"e2868af\" data-elementor-lightbox-title=\"2025 07 12 (4)\" data-e-action-hash=\"#elementor-action%3Aaction%3Dlightbox%26settings%3DeyJpZCI6MjAxNywidXJsIjoiaHR0cHM6XC9cL3d3dy5ncmVlbnNlbnNhdGlvbmNsdWIuY29tXC93cC1jb250ZW50XC91cGxvYWRzXC8yMDI1XC8wOFwvMjAyNS0wNy0xMi00LndlYnAiLCJzbGlkZXNob3ciOiJlMjg2OGFmIn0%3D\" href='https:\/\/www.greensensationclub.com\/wp-content\/uploads\/2025\/08\/2025-07-12-4.webp'><img loading=\"lazy\" decoding=\"async\" width=\"300\" height=\"225\" src=\"https:\/\/www.greensensationclub.com\/wp-content\/uploads\/2025\/08\/2025-07-12-4-300x225.webp\" class=\"attachment-medium size-medium\" alt=\"2025 07 12 (4)\" srcset=\"https:\/\/www.greensensationclub.com\/wp-content\/uploads\/2025\/08\/2025-07-12-4-300x225.webp 300w, https:\/\/www.greensensationclub.com\/wp-content\/uploads\/2025\/08\/2025-07-12-4-1024x768.webp 1024w, https:\/\/www.greensensationclub.com\/wp-content\/uploads\/2025\/08\/2025-07-12-4-768x576.webp 768w, https:\/\/www.greensensationclub.com\/wp-content\/uploads\/2025\/08\/2025-07-12-4.webp 1360w\" sizes=\"(max-width: 300px) 100vw, 300px\" title=\"About the Club\"><\/a>\n\t\t\t<\/div><\/figure><figure class='gallery-item'>\n\t\t\t<div class='gallery-icon landscape'>\n\t\t\t\t<a data-elementor-open-lightbox=\"yes\" data-elementor-lightbox-slideshow=\"e2868af\" data-elementor-lightbox-title=\"2025 07 12 (5)\" data-e-action-hash=\"#elementor-action%3Aaction%3Dlightbox%26settings%3DeyJpZCI6MjAxNCwidXJsIjoiaHR0cHM6XC9cL3d3dy5ncmVlbnNlbnNhdGlvbmNsdWIuY29tXC93cC1jb250ZW50XC91cGxvYWRzXC8yMDI1XC8wOFwvMjAyNS0wNy0xMi01LndlYnAiLCJzbGlkZXNob3ciOiJlMjg2OGFmIn0%3D\" href='https:\/\/www.greensensationclub.com\/wp-content\/uploads\/2025\/08\/2025-07-12-5.webp'><img loading=\"lazy\" decoding=\"async\" width=\"300\" height=\"225\" src=\"https:\/\/www.greensensationclub.com\/wp-content\/uploads\/2025\/08\/2025-07-12-5-300x225.webp\" class=\"attachment-medium size-medium\" alt=\"2025 07 12 (5)\" srcset=\"https:\/\/www.greensensationclub.com\/wp-content\/uploads\/2025\/08\/2025-07-12-5-300x225.webp 300w, https:\/\/www.greensensationclub.com\/wp-content\/uploads\/2025\/08\/2025-07-12-5-1024x768.webp 1024w, https:\/\/www.greensensationclub.com\/wp-content\/uploads\/2025\/08\/2025-07-12-5-768x576.webp 768w, https:\/\/www.greensensationclub.com\/wp-content\/uploads\/2025\/08\/2025-07-12-5.webp 1360w\" sizes=\"(max-width: 300px) 100vw, 300px\" title=\"About the Club\"><\/a>\n\t\t\t<\/div><\/figure><figure class='gallery-item'>\n\t\t\t<div class='gallery-icon landscape'>\n\t\t\t\t<a data-elementor-open-lightbox=\"yes\" data-elementor-lightbox-slideshow=\"e2868af\" data-elementor-lightbox-title=\"2025 07 12 (1)\" data-e-action-hash=\"#elementor-action%3Aaction%3Dlightbox%26settings%3DeyJpZCI6MTk3NCwidXJsIjoiaHR0cHM6XC9cL3d3dy5ncmVlbnNlbnNhdGlvbmNsdWIuY29tXC93cC1jb250ZW50XC91cGxvYWRzXC8yMDI1XC8wOFwvMjAyNS0wNy0xMi0xLndlYnAiLCJzbGlkZXNob3ciOiJlMjg2OGFmIn0%3D\" href='https:\/\/www.greensensationclub.com\/wp-content\/uploads\/2025\/08\/2025-07-12-1.webp'><img loading=\"lazy\" decoding=\"async\" width=\"300\" height=\"225\" src=\"https:\/\/www.greensensationclub.com\/wp-content\/uploads\/2025\/08\/2025-07-12-1-300x225.webp\" class=\"attachment-medium size-medium\" alt=\"2025 07 12 (1)\" srcset=\"https:\/\/www.greensensationclub.com\/wp-content\/uploads\/2025\/08\/2025-07-12-1-300x225.webp 300w, https:\/\/www.greensensationclub.com\/wp-content\/uploads\/2025\/08\/2025-07-12-1-1024x768.webp 1024w, https:\/\/www.greensensationclub.com\/wp-content\/uploads\/2025\/08\/2025-07-12-1-768x576.webp 768w, https:\/\/www.greensensationclub.com\/wp-content\/uploads\/2025\/08\/2025-07-12-1.webp 1360w\" sizes=\"(max-width: 300px) 100vw, 300px\" title=\"About the Club\"><\/a>\n\t\t\t<\/div><\/figure><figure class='gallery-item'>\n\t\t\t<div class='gallery-icon portrait'>\n\t\t\t\t<a data-elementor-open-lightbox=\"yes\" data-elementor-lightbox-slideshow=\"e2868af\" data-elementor-lightbox-title=\"unnamed (2)\" data-e-action-hash=\"#elementor-action%3Aaction%3Dlightbox%26settings%3DeyJpZCI6MTk3NiwidXJsIjoiaHR0cHM6XC9cL3d3dy5ncmVlbnNlbnNhdGlvbmNsdWIuY29tXC93cC1jb250ZW50XC91cGxvYWRzXC8yMDI1XC8wOFwvdW5uYW1lZC0yLndlYnAiLCJzbGlkZXNob3ciOiJlMjg2OGFmIn0%3D\" href='https:\/\/www.greensensationclub.com\/wp-content\/uploads\/2025\/08\/unnamed-2.webp'><img loading=\"lazy\" decoding=\"async\" width=\"169\" height=\"300\" src=\"https:\/\/www.greensensationclub.com\/wp-content\/uploads\/2025\/08\/unnamed-2-169x300.webp\" class=\"attachment-medium size-medium\" alt=\"unnamed (2)\" srcset=\"https:\/\/www.greensensationclub.com\/wp-content\/uploads\/2025\/08\/unnamed-2-169x300.webp 169w, https:\/\/www.greensensationclub.com\/wp-content\/uploads\/2025\/08\/unnamed-2.webp 574w\" sizes=\"(max-width: 169px) 100vw, 169px\" title=\"About the Club\"><\/a>\n\t\t\t<\/div><\/figure><figure class='gallery-item'>\n\t\t\t<div class='gallery-icon portrait'>\n\t\t\t\t<a data-elementor-open-lightbox=\"yes\" data-elementor-lightbox-slideshow=\"e2868af\" data-elementor-lightbox-title=\"unnamed (4)\" data-e-action-hash=\"#elementor-action%3Aaction%3Dlightbox%26settings%3DeyJpZCI6MjAxNSwidXJsIjoiaHR0cHM6XC9cL3d3dy5ncmVlbnNlbnNhdGlvbmNsdWIuY29tXC93cC1jb250ZW50XC91cGxvYWRzXC8yMDI1XC8wOFwvdW5uYW1lZC00LndlYnAiLCJzbGlkZXNob3ciOiJlMjg2OGFmIn0%3D\" href='https:\/\/www.greensensationclub.com\/wp-content\/uploads\/2025\/08\/unnamed-4.webp'><img loading=\"lazy\" decoding=\"async\" width=\"225\" height=\"300\" src=\"https:\/\/www.greensensationclub.com\/wp-content\/uploads\/2025\/08\/unnamed-4-225x300.webp\" class=\"attachment-medium size-medium\" alt=\"unnamed (4)\" srcset=\"https:\/\/www.greensensationclub.com\/wp-content\/uploads\/2025\/08\/unnamed-4-225x300.webp 225w, https:\/\/www.greensensationclub.com\/wp-content\/uploads\/2025\/08\/unnamed-4.webp 765w\" sizes=\"(max-width: 225px) 100vw, 225px\" title=\"About the Club\"><\/a>\n\t\t\t<\/div><\/figure><figure class='gallery-item'>\n\t\t\t<div class='gallery-icon landscape'>\n\t\t\t\t<a data-elementor-open-lightbox=\"yes\" data-elementor-lightbox-slideshow=\"e2868af\" data-elementor-lightbox-title=\"2025 07 12 (3)\" data-e-action-hash=\"#elementor-action%3Aaction%3Dlightbox%26settings%3DeyJpZCI6MTk2OCwidXJsIjoiaHR0cHM6XC9cL3d3dy5ncmVlbnNlbnNhdGlvbmNsdWIuY29tXC93cC1jb250ZW50XC91cGxvYWRzXC8yMDI1XC8wOFwvMjAyNS0wNy0xMi0zLndlYnAiLCJzbGlkZXNob3ciOiJlMjg2OGFmIn0%3D\" href='https:\/\/www.greensensationclub.com\/wp-content\/uploads\/2025\/08\/2025-07-12-3.webp'><img loading=\"lazy\" decoding=\"async\" width=\"300\" height=\"225\" src=\"https:\/\/www.greensensationclub.com\/wp-content\/uploads\/2025\/08\/2025-07-12-3-300x225.webp\" class=\"attachment-medium size-medium\" alt=\"2025 07 12 (3)\" srcset=\"https:\/\/www.greensensationclub.com\/wp-content\/uploads\/2025\/08\/2025-07-12-3-300x225.webp 300w, https:\/\/www.greensensationclub.com\/wp-content\/uploads\/2025\/08\/2025-07-12-3-1024x768.webp 1024w, https:\/\/www.greensensationclub.com\/wp-content\/uploads\/2025\/08\/2025-07-12-3-768x576.webp 768w, https:\/\/www.greensensationclub.com\/wp-content\/uploads\/2025\/08\/2025-07-12-3.webp 1360w\" sizes=\"(max-width: 300px) 100vw, 300px\" title=\"About the Club\"><\/a>\n\t\t\t<\/div><\/figure><figure class='gallery-item'>\n\t\t\t<div class='gallery-icon portrait'>\n\t\t\t\t<a data-elementor-open-lightbox=\"yes\" data-elementor-lightbox-slideshow=\"e2868af\" data-elementor-lightbox-title=\"unnamed (3)\" data-e-action-hash=\"#elementor-action%3Aaction%3Dlightbox%26settings%3DeyJpZCI6MjAxNiwidXJsIjoiaHR0cHM6XC9cL3d3dy5ncmVlbnNlbnNhdGlvbmNsdWIuY29tXC93cC1jb250ZW50XC91cGxvYWRzXC8yMDI1XC8wOFwvdW5uYW1lZC0zLndlYnAiLCJzbGlkZXNob3ciOiJlMjg2OGFmIn0%3D\" href='https:\/\/www.greensensationclub.com\/wp-content\/uploads\/2025\/08\/unnamed-3.webp'><img loading=\"lazy\" decoding=\"async\" width=\"169\" height=\"300\" src=\"https:\/\/www.greensensationclub.com\/wp-content\/uploads\/2025\/08\/unnamed-3-169x300.webp\" class=\"attachment-medium size-medium\" alt=\"unnamed (3)\" srcset=\"https:\/\/www.greensensationclub.com\/wp-content\/uploads\/2025\/08\/unnamed-3-169x300.webp 169w, https:\/\/www.greensensationclub.com\/wp-content\/uploads\/2025\/08\/unnamed-3.webp 574w\" sizes=\"(max-width: 169px) 100vw, 169px\" title=\"About the Club\"><\/a>\n\t\t\t<\/div><\/figure><figure class='gallery-item'>\n\t\t\t<div class='gallery-icon landscape'>\n\t\t\t\t<a data-elementor-open-lightbox=\"yes\" data-elementor-lightbox-slideshow=\"e2868af\" data-elementor-lightbox-title=\"2025 07 12\" data-e-action-hash=\"#elementor-action%3Aaction%3Dlightbox%26settings%3DeyJpZCI6MTk3NSwidXJsIjoiaHR0cHM6XC9cL3d3dy5ncmVlbnNlbnNhdGlvbmNsdWIuY29tXC93cC1jb250ZW50XC91cGxvYWRzXC8yMDI1XC8wOFwvMjAyNS0wNy0xMi53ZWJwIiwic2xpZGVzaG93IjoiZTI4NjhhZiJ9\" href='https:\/\/www.greensensationclub.com\/wp-content\/uploads\/2025\/08\/2025-07-12.webp'><img loading=\"lazy\" decoding=\"async\" width=\"300\" height=\"225\" src=\"https:\/\/www.greensensationclub.com\/wp-content\/uploads\/2025\/08\/2025-07-12-300x225.webp\" class=\"attachment-medium size-medium\" alt=\"2025 07 12\" srcset=\"https:\/\/www.greensensationclub.com\/wp-content\/uploads\/2025\/08\/2025-07-12-300x225.webp 300w, https:\/\/www.greensensationclub.com\/wp-content\/uploads\/2025\/08\/2025-07-12-1024x768.webp 1024w, https:\/\/www.greensensationclub.com\/wp-content\/uploads\/2025\/08\/2025-07-12-768x576.webp 768w, https:\/\/www.greensensationclub.com\/wp-content\/uploads\/2025\/08\/2025-07-12.webp 1360w\" sizes=\"(max-width: 300px) 100vw, 300px\" title=\"About the Club\"><\/a>\n\t\t\t<\/div><\/figure><figure class='gallery-item'>\n\t\t\t<div class='gallery-icon portrait'>\n\t\t\t\t<a data-elementor-open-lightbox=\"yes\" data-elementor-lightbox-slideshow=\"e2868af\" data-elementor-lightbox-title=\"2025 07 12 (2)\" data-e-action-hash=\"#elementor-action%3Aaction%3Dlightbox%26settings%3DeyJpZCI6MTk3MywidXJsIjoiaHR0cHM6XC9cL3d3dy5ncmVlbnNlbnNhdGlvbmNsdWIuY29tXC93cC1jb250ZW50XC91cGxvYWRzXC8yMDI1XC8wOFwvMjAyNS0wNy0xMi0yLndlYnAiLCJzbGlkZXNob3ciOiJlMjg2OGFmIn0%3D\" href='https:\/\/www.greensensationclub.com\/wp-content\/uploads\/2025\/08\/2025-07-12-2.webp'><img loading=\"lazy\" decoding=\"async\" width=\"225\" height=\"300\" src=\"https:\/\/www.greensensationclub.com\/wp-content\/uploads\/2025\/08\/2025-07-12-2-225x300.webp\" class=\"attachment-medium size-medium\" alt=\"2025 07 12 (2)\" srcset=\"https:\/\/www.greensensationclub.com\/wp-content\/uploads\/2025\/08\/2025-07-12-2-225x300.webp 225w, https:\/\/www.greensensationclub.com\/wp-content\/uploads\/2025\/08\/2025-07-12-2.webp 765w\" sizes=\"(max-width: 225px) 100vw, 225px\" title=\"About the Club\"><\/a>\n\t\t\t<\/div><\/figure><figure class='gallery-item'>\n\t\t\t<div class='gallery-icon landscape'>\n\t\t\t\t<a data-elementor-open-lightbox=\"yes\" data-elementor-lightbox-slideshow=\"e2868af\" data-elementor-lightbox-title=\"2025 07 12 (6)\" data-e-action-hash=\"#elementor-action%3Aaction%3Dlightbox%26settings%3DeyJpZCI6MjAxMywidXJsIjoiaHR0cHM6XC9cL3d3dy5ncmVlbnNlbnNhdGlvbmNsdWIuY29tXC93cC1jb250ZW50XC91cGxvYWRzXC8yMDI1XC8wOFwvMjAyNS0wNy0xMi02LndlYnAiLCJzbGlkZXNob3ciOiJlMjg2OGFmIn0%3D\" href='https:\/\/www.greensensationclub.com\/wp-content\/uploads\/2025\/08\/2025-07-12-6.webp'><img loading=\"lazy\" decoding=\"async\" width=\"300\" height=\"225\" src=\"https:\/\/www.greensensationclub.com\/wp-content\/uploads\/2025\/08\/2025-07-12-6-300x225.webp\" class=\"attachment-medium size-medium\" alt=\"2025 07 12 (6)\" srcset=\"https:\/\/www.greensensationclub.com\/wp-content\/uploads\/2025\/08\/2025-07-12-6-300x225.webp 300w, https:\/\/www.greensensationclub.com\/wp-content\/uploads\/2025\/08\/2025-07-12-6-1024x768.webp 1024w, https:\/\/www.greensensationclub.com\/wp-content\/uploads\/2025\/08\/2025-07-12-6-768x576.webp 768w, https:\/\/www.greensensationclub.com\/wp-content\/uploads\/2025\/08\/2025-07-12-6.webp 1360w\" sizes=\"(max-width: 300px) 100vw, 300px\" title=\"About the Club\"><\/a>\n\t\t\t<\/div><\/figure>\n\t\t<\/div>\n\t\t<\/div>\n\t\t\t\t\t\t<\/div>\n\t\t\t\t<\/div>\n\t\t\t\t\t<\/div>\n\t\t\t\t<\/div>\n\t\t\t\t<\/div>","protected":false},"excerpt":{"rendered":"<p>Quienes Somos? Nuestro club En Green Sensation transformamos el verde en una experiencia que se siente.Somos un club social de cannabis en Alicante donde la relajaci\u00f3n, la privacidad y el buen ambiente se combinan para crear momentos \u00fanicos.M\u00e1s que un lugar, somos una sensaci\u00f3n: un espacio pensado para que te sientas como en casa, disfrutes [&hellip;]<\/p>\n","protected":false},"author":1,"featured_media":0,"parent":0,"menu_order":0,"comment_status":"closed","ping_status":"closed","template":"","meta":{"site-sidebar-layout":"no-sidebar","site-content-layout":"page-builder","ast-site-content-layout":"full-width-container","site-content-style":"unboxed","site-sidebar-style":"unboxed","ast-global-header-display":"","ast-banner-title-visibility":"","ast-main-header-display":"","ast-hfb-above-header-display":"","ast-hfb-below-header-display":"","ast-hfb-mobile-header-display":"","site-post-title":"disabled","ast-breadcrumbs-content":"disabled","ast-featured-img":"disabled","footer-sml-layout":"","theme-transparent-header-meta":"enabled","adv-header-id-meta":"","stick-header-meta":"","header-above-stick-meta":"","header-main-stick-meta":"","header-below-stick-meta":"","astra-migrate-meta-layouts":"set","ast-page-background-enabled":"default","ast-page-background-meta":{"desktop":{"background-color":"var(--ast-global-color-4)","background-image":"","background-repeat":"repeat","background-position":"center center","background-size":"auto","background-attachment":"scroll","background-type":"","background-media":"","overlay-type":"","overlay-color":"","overlay-opacity":"","overlay-gradient":""},"tablet":{"background-color":"","background-image":"","background-repeat":"repeat","background-position":"center center","background-size":"auto","background-attachment":"scroll","background-type":"","background-media":"","overlay-type":"","overlay-color":"","overlay-opacity":"","overlay-gradient":""},"mobile":{"background-color":"","background-image":"","background-repeat":"repeat","background-position":"center center","background-size":"auto","background-attachment":"scroll","background-type":"","background-media":"","overlay-type":"","overlay-color":"","overlay-opacity":"","overlay-gradient":""}},"ast-content-background-meta":{"desktop":{"background-color":"var(--ast-global-color-5)","background-image":"","background-repeat":"repeat","background-position":"center center","background-size":"auto","background-attachment":"scroll","background-type":"","background-media":"","overlay-type":"","overlay-color":"","overlay-opacity":"","overlay-gradient":""},"tablet":{"background-color":"var(--ast-global-color-5)","background-image":"","background-repeat":"repeat","background-position":"center center","background-size":"auto","background-attachment":"scroll","background-type":"","background-media":"","overlay-type":"","overlay-color":"","overlay-opacity":"","overlay-gradient":""},"mobile":{"background-color":"var(--ast-global-color-5)","background-image":"","background-repeat":"repeat","background-position":"center center","background-size":"auto","background-attachment":"scroll","background-type":"","background-media":"","overlay-type":"","overlay-color":"","overlay-opacity":"","overlay-gradient":""}},"footnotes":""},"class_list":["post-252","page","type-page","status-publish","hentry"],"_links":{"self":[{"href":"https:\/\/www.greensensationclub.com\/en\/wp-json\/wp\/v2\/pages\/252","targetHints":{"allow":["GET"]}}],"collection":[{"href":"https:\/\/www.greensensationclub.com\/en\/wp-json\/wp\/v2\/pages"}],"about":[{"href":"https:\/\/www.greensensationclub.com\/en\/wp-json\/wp\/v2\/types\/page"}],"author":[{"embeddable":true,"href":"https:\/\/www.greensensationclub.com\/en\/wp-json\/wp\/v2\/users\/1"}],"replies":[{"embeddable":true,"href":"https:\/\/www.greensensationclub.com\/en\/wp-json\/wp\/v2\/comments?post=252"}],"version-history":[{"count":10,"href":"https:\/\/www.greensensationclub.com\/en\/wp-json\/wp\/v2\/pages\/252\/revisions"}],"predecessor-version":[{"id":2077,"href":"https:\/\/www.greensensationclub.com\/en\/wp-json\/wp\/v2\/pages\/252\/revisions\/2077"}],"wp:attachment":[{"href":"https:\/\/www.greensensationclub.com\/en\/wp-json\/wp\/v2\/media?parent=252"}],"curies":[{"name":"wp","href":"https:\/\/api.w.org\/{rel}","templated":true}]}}